{"id":7,"date":"2025-05-30T19:30:19","date_gmt":"2025-05-30T19:30:19","guid":{"rendered":"https:\/\/lightslategray-sandpiper-950100.hostingersite.com\/contato\/"},"modified":"2025-07-21T14:57:44","modified_gmt":"2025-07-21T14:57:44","slug":"contato","status":"publish","type":"page","link":"https:\/\/drdim.com.br\/en\/contato\/","title":{"rendered":"Contato"},"content":{"rendered":"\n<div class=\"wp-block-group alignfull hostinger-ai-fade-up\"><div class=\"wp-block-group__inner-container is-layout-constrained wp-block-group-is-layout-constrained\">\n<div class=\"wp-block-group alignwide hostinger-ai-fade-up is-layout-grid wp-container-core-group-is-layout-78c6ece7 wp-block-group-is-layout-grid\">\n<div class=\"wp-block-columns are-vertically-aligned-center is-layout-flex wp-container-core-columns-is-layout-9d6595d7 wp-block-columns-is-layout-flex\">\n<div class=\"wp-block-column is-vertically-aligned-center is-layout-flow wp-block-column-is-layout-flow\" style=\"flex-basis:100%\">\n<div class=\"wp-block-group hostinger-ai-fade-up\"><div class=\"wp-block-group__inner-container is-layout-constrained wp-block-group-is-layout-constrained\">\n<h2 class=\"wp-block-heading hostinger-ai-title has-dark-color has-text-color has-link-color has-large-font-size wp-elements-aee2cf5a9751f106a3bbd1548986fc58\" style=\"margin-bottom:var(--wp--preset--spacing--50)\">Entre em Contato<\/h2>\n\n\n\n<a class=\"wp-elements-67cb1d26a186cf22c590aef99a923ce3 wp-container-content-69bc4bdf\" href=\"https:\/\/wa.me\/5562981021322\" target=\"_blank\" style=\"display: inline-flex; align-items: center; background-color: #25D366; color: white; padding: 10px 16px; border-radius: 8px; text-decoration: none; font-family: Arial, sans-serif; font-size: 16px;\">\n  <img decoding=\"async\" src=\"https:\/\/cdn.jsdelivr.net\/gh\/simple-icons\/simple-icons\/icons\/whatsapp.svg\" alt=\"WhatsApp\" style=\"width: 20px; height: 20px; margin-right: 8px; filter: invert(1);\" \/>\n  Fale conosco\n<\/a>\n\n<\/div><\/div>\n<\/div>\n<\/div>\n\n\n\n<div class=\"wp-block-group is-content-justification-center is-nowrap is-layout-flex wp-container-core-group-is-layout-94bc23d7 wp-block-group-is-layout-flex\">\n<figure class=\"wp-block-image size-full has-custom-border hostinger-ai-image\"><img decoding=\"async\" src=\"https:\/\/images.unsplash.com\/photo-1602665742701-389671bc40c0?q=85&amp;w=400&amp;h=400&amp;fit=crop\" alt=\"\" class=\"wp-image-160\" style=\"border-radius:20px\"\/><\/figure>\n<\/div>\n<\/div>\n<\/div><\/div>\n\n\n\n<div class=\"wp-block-group alignwide hostinger-ai-our-location-2 hostinger-ai-fade-up\" style=\"padding-top:0;padding-bottom:0\"><div class=\"wp-block-group__inner-container is-layout-constrained wp-block-group-is-layout-constrained\">\n<div class=\"wp-block-group alignwide hostinger-ai-fade-up is-content-justification-left\"><div class=\"wp-block-group__inner-container is-layout-constrained wp-container-core-group-is-layout-8c890d92 wp-block-group-is-layout-constrained\">\n<div class=\"wp-block-columns alignwide is-layout-flex wp-container-core-columns-is-layout-9d6595d7 wp-block-columns-is-layout-flex\">\n<div class=\"wp-block-column our-location-column is-layout-flow wp-block-column-is-layout-flow\" style=\"flex-basis:33.33%\">\n<h2 class=\"wp-block-heading has-text-align-left hostinger-ai-title has-dark-color has-text-color has-link-color has-x-large-font-size wp-elements-cd4a6e1c89f71a9247907b74e09f68cf\" style=\"margin-top:0;margin-right:0;margin-bottom:var(--wp--preset--spacing--40);margin-left:0\">Nossa Localiza\u00e7\u00e3o<\/h2>\n\n\n\n<p class=\"has-text-align-left hostinger-ai-description has-medium-font-size\" style=\"margin-top:0;margin-bottom:var(--wp--preset--spacing--40)\">Estamos prontos para atender voc\u00ea digitalmente.<\/p>\n\n\n\n<p class=\"hostinger-ai-title hostinger-index-1 hostinger-ai-font-bold has-dark-color has-text-color has-link-color has-medium-font-size wp-elements-6367e35d489dc6178e9c001e333fcf4c\">Entre em Contato<\/p>\n\n\n\n<p class=\"has-medium-font-size\" style=\"margin-top:var(--wp--preset--spacing--20);margin-bottom:var(--wp--preset--spacing--40)\">Rua 8 quadra 13 lote 09 Montreal Goianira-Goias<\/p>\n<\/div>\n\n\n\n<div class=\"wp-block-column is-layout-flow wp-block-column-is-layout-flow\" style=\"flex-basis:66.66%\">\n<div class=\"wp-block-group alignfull hostinger-ai-fade-up\"><div class=\"wp-block-group__inner-container is-layout-flow wp-block-group-is-layout-flow\">\n<iframe \n  src=\"https:\/\/www.google.com\/maps\/embed?pb=!1m18!1m12!1m3!1d3867.618534044352!2d-49.31391518513141!3d-16.550917788561347!2m3!1f0!2f0!3f0!3m2!1i1024!2i768!4f13.1!3m3!1m2!1s0x935ef4f3f2a2b90f%3A0x31f5a5d24bf6e6d0!2sResidencial%20Montreal%2C%20Rua%208%2C%20Qd%2013%2C%20Lt%2009%2C%20Goianira%20-%20GO!5e0!3m2!1spt-BR!2sbr!4v1726977807764!5m2!1spt-BR!2sbr\" \n  height=\"450\" \n  style=\"width: 100%; min-width: 100%; border:0;\" \n  allowfullscreen=\"\" \n  loading=\"lazy\" \n  referrerpolicy=\"no-referrer-when-downgrade\">\n<\/iframe>\n\n<\/div><\/div>\n<\/div>\n<\/div>\n<\/div><\/div>\n<\/div><\/div>\n\n\n\n<div class=\"wp-block-group alignfull hostinger-ai-solid-block hostinger-ai-fade-up has-color-1-background-color has-background\" style=\"padding-top:var(--wp--preset--spacing--60);padding-bottom:var(--wp--preset--spacing--60)\"><div class=\"wp-block-group__inner-container is-layout-constrained wp-block-group-is-layout-constrained\">\n<div class=\"wp-block-group alignwide hostinger-ai-fade-up is-vertical is-content-justification-center is-nowrap is-layout-flex wp-container-core-group-is-layout-2445e12c wp-block-group-is-layout-flex\" style=\"min-height:0px;padding-top:0;padding-bottom:0\">\n<div class=\"wp-block-group hostinger-ai-fade-up wp-container-content-69bc4bdf is-content-justification-center\"><div class=\"wp-block-group__inner-container is-layout-constrained wp-block-group-is-layout-constrained\">\n<h2 class=\"wp-block-heading has-text-align-center hostinger-ai-title has-dark-color has-text-color has-link-color has-x-large-font-size wp-elements-60cb8679292f464e5d0b3d9a7dd9841d\" style=\"margin-top:0;margin-right:0;margin-bottom:0;margin-left:0\">Entre em Contato<\/h2>\n\n\n\n<p class=\"has-text-align-center hostinger-ai-description has-dark-color has-text-color has-link-color has-medium-font-size wp-elements-85b2187b970a0514bb02b5e878698ab3\" style=\"margin-top:var(--wp--preset--spacing--20);margin-bottom:var(--wp--preset--spacing--50)\">Estamos prontos para desenvolver solu\u00e7\u00f5es digitais inovadoras para o seu e-commerce. Fale conosco e transforme sua experi\u00eancia!<\/p>\n\n\n\n<div class=\"wp-block-buttons is-content-justification-center is-layout-flex wp-container-core-buttons-is-layout-16018d1d wp-block-buttons-is-layout-flex\">\n<div class=\"wp-block-button hostinger-ai-cta-button\"><a class=\"wp-block-button__link has-dark-color has-contrast-background-color has-text-color has-background has-link-color has-border-color has-dark-border-color has-medium-font-size has-custom-font-size wp-element-button\" style=\"padding-top:var(--wp--preset--spacing--30);padding-right:var(--wp--preset--spacing--70);padding-bottom:var(--wp--preset--spacing--30);padding-left:var(--wp--preset--spacing--70)\">Converse<\/a><\/div>\n<\/div>\n<\/div><\/div>\n<\/div>\n<\/div><\/div>\n","protected":false},"excerpt":{"rendered":"<p>Entre em Contato Fale conosco Nossa Localiza\u00e7\u00e3o Estamos prontos para atender voc\u00ea digitalmente. Entre em Contato Rua 8 quadra 13&#8230;<\/p>\n","protected":false},"author":1,"featured_media":0,"parent":0,"menu_order":0,"comment_status":"closed","ping_status":"closed","template":"","meta":{"_monsterinsights_skip_tracking":false,"_monsterinsights_sitenote_active":false,"_monsterinsights_sitenote_note":"","_monsterinsights_sitenote_category":0,"footnotes":""},"class_list":["post-7","page","type-page","status-publish","hentry"],"aioseo_notices":[],"_links":{"self":[{"href":"https:\/\/drdim.com.br\/en\/wp-json\/wp\/v2\/pages\/7","targetHints":{"allow":["GET"]}}],"collection":[{"href":"https:\/\/drdim.com.br\/en\/wp-json\/wp\/v2\/pages"}],"about":[{"href":"https:\/\/drdim.com.br\/en\/wp-json\/wp\/v2\/types\/page"}],"author":[{"embeddable":true,"href":"https:\/\/drdim.com.br\/en\/wp-json\/wp\/v2\/users\/1"}],"replies":[{"embeddable":true,"href":"https:\/\/drdim.com.br\/en\/wp-json\/wp\/v2\/comments?post=7"}],"version-history":[{"count":3,"href":"https:\/\/drdim.com.br\/en\/wp-json\/wp\/v2\/pages\/7\/revisions"}],"predecessor-version":[{"id":109,"href":"https:\/\/drdim.com.br\/en\/wp-json\/wp\/v2\/pages\/7\/revisions\/109"}],"wp:attachment":[{"href":"https:\/\/drdim.com.br\/en\/wp-json\/wp\/v2\/media?parent=7"}],"curies":[{"name":"wp","href":"https:\/\/api.w.org\/{rel}","templated":true}]}}