{"id":6,"date":"2025-05-30T19:30:19","date_gmt":"2025-05-30T19:30:19","guid":{"rendered":"https:\/\/lightslategray-sandpiper-950100.hostingersite.com\/sobre\/"},"modified":"2025-07-21T15:01:17","modified_gmt":"2025-07-21T15:01:17","slug":"sobre","status":"publish","type":"page","link":"https:\/\/drdim.com.br\/en\/sobre\/","title":{"rendered":"Sobre"},"content":{"rendered":"\n<div class=\"wp-block-group alignfull hostinger-ai-about-us-3 hostinger-ai-fade-up\"><div class=\"wp-block-group__inner-container is-layout-constrained wp-block-group-is-layout-constrained\">\n<div class=\"wp-block-group alignwide hostinger-ai-fade-up is-layout-grid wp-container-core-group-is-layout-229f90bc wp-block-group-is-layout-grid\" style=\"padding-top:var(--wp--preset--spacing--60);padding-right:0;padding-bottom:var(--wp--preset--spacing--60);padding-left:0\">\n<div class=\"wp-block-group hostinger-ai-fade-up wp-container-content-5e2576f9 is-vertical is-content-justification-left is-nowrap is-layout-flex wp-container-core-group-is-layout-243d8815 wp-block-group-is-layout-flex\" style=\"padding-right:var(--wp--preset--spacing--60);padding-left:0\">\n<h2 class=\"wp-block-heading hostinger-ai-title has-dark-color has-text-color has-link-color has-x-large-font-size wp-elements-ca294a1a986c74cfb3879235fbf714ee\" style=\"margin-top:0;margin-right:0;margin-bottom:0;margin-left:0;padding-bottom:var(--wp--preset--spacing--20)\">Solu\u00e7\u00f5es Digitais<\/h2>\n\n\n\n<p class=\"hostinger-ai-description has-dark-color has-text-color has-link-color has-medium-font-size wp-elements-aafe8481aad2d136bc40c8150ab34d26\" style=\"margin-top:0;margin-bottom:var(--wp--preset--spacing--50)\">Na drdim tecnologia, desenvolvemos solu\u00e7\u00f5es inovadoras em e-commerce, integrando chatbots, emissor de notas fiscais, PDV e automa\u00e7\u00e3o para otimizar a experi\u00eancia do usu\u00e1rio com design futurista.<\/p>\n\n\n\n<div class=\"wp-block-buttons is-layout-flex wp-block-buttons-is-layout-flex\">\n<div class=\"wp-block-button hostinger-ai-cta-button hostinger-index-0\"><a class=\"wp-block-button__link has-dark-color has-text-color has-link-color has-border-color has-dark-border-color has-medium-font-size has-custom-font-size wp-element-button\" href=\"https:\/\/saas.drdim.com.br\/cadastro\/plano\" style=\"padding-top:var(--wp--preset--spacing--30);padding-right:var(--wp--preset--spacing--70);padding-bottom:var(--wp--preset--spacing--30);padding-left:var(--wp--preset--spacing--70)\">Saiba Mais<\/a><\/div>\n<\/div>\n<\/div>\n\n\n\n<div class=\"wp-block-group hostinger-ai-fade-up is-layout-grid wp-container-core-group-is-layout-9649a0d9 wp-block-group-is-layout-grid\">\n<figure class=\"wp-block-image size-full has-custom-border hostinger-ai-image hostinger-index-4 wp-container-content-69bc4bdf\"><img decoding=\"async\" src=\"https:\/\/images.unsplash.com\/photo-1556741564-a0e2cc7e2b79?q=85&amp;w=273&amp;h=462&amp;fit=crop\" alt=\"\" class=\"wp-image-478\" style=\"border-radius:20px\"\/><\/figure>\n\n\n\n<figure class=\"wp-block-image size-full has-custom-border hostinger-ai-image hostinger-index-5\"><img decoding=\"async\" src=\"https:\/\/images.unsplash.com\/photo-1632813405318-1a453ecac8bf?q=85&amp;w=273&amp;h=462&amp;fit=crop\" alt=\"\" class=\"wp-image-479\" style=\"border-radius:20px\"\/><\/figure>\n<\/div>\n<\/div>\n<\/div><\/div>\n\n\n\n<div class=\"wp-block-group alignfull hostinger-ai-resume-1 hostinger-ai-fade-up\"><div class=\"wp-block-group__inner-container is-layout-constrained wp-block-group-is-layout-constrained\">\n<div class=\"wp-block-group alignwide hostinger-ai-fade-up\" style=\"padding-top:var(--wp--preset--spacing--60);padding-bottom:var(--wp--preset--spacing--60)\"><div class=\"wp-block-group__inner-container is-layout-flow wp-block-group-is-layout-flow\">\n<div class=\"wp-block-columns is-layout-flex wp-container-core-columns-is-layout-f01e47f2 wp-block-columns-is-layout-flex\" style=\"margin-bottom:var(--wp--preset--spacing--60)\">\n<div class=\"wp-block-column is-layout-flow wp-block-column-is-layout-flow\">\n<h2 class=\"wp-block-heading hostinger-ai-title has-dark-color has-text-color has-link-color has-x-large-font-size wp-elements-199286a0e1815f961c824ebc6fb19145\" style=\"margin-bottom:var(--wp--preset--spacing--20)\">Solu\u00e7\u00f5es Digitais<\/h2>\n<\/div>\n\n\n\n<div class=\"wp-block-column is-layout-flow wp-block-column-is-layout-flow\">\n<p class=\"hostinger-ai-description has-dark-color has-text-color has-link-color has-medium-font-size wp-elements-13407945ef3e0be8b749006b44ecc8e8\" style=\"margin-top:0;margin-bottom:var(--wp--preset--spacing--70)\">Desenvolvemos e-commerce integrado a chatbots e automa\u00e7\u00e3o, com design futurista e elegante.<\/p>\n\n\n\n<p class=\"hostinger-ai-description hostinger-index-1\" style=\"margin-bottom:var(--wp--preset--spacing--50)\">Inova\u00e7\u00e3o e Tecnologia<\/p>\n<\/div>\n<\/div>\n\n\n\n<div class=\"wp-block-columns is-layout-flex wp-container-core-columns-is-layout-9d6595d7 wp-block-columns-is-layout-flex\">\n<div class=\"wp-block-column is-layout-flow wp-block-column-is-layout-flow\">\n<h2 class=\"wp-block-heading hostinger-ai-title hostinger-index-1 has-dark-color has-text-color has-link-color has-x-large-font-size wp-elements-c92f5bfb193c854539d00af32e5df32e\" style=\"margin-bottom:var(--wp--preset--spacing--20)\">Sobre N\u00f3s<\/h2>\n<\/div>\n\n\n\n<div class=\"wp-block-column is-layout-flow wp-block-column-is-layout-flow\">\n<div class=\"wp-block-group hostinger-ai-fade-up\" style=\"margin-bottom:var(--wp--preset--spacing--60)\"><div class=\"wp-block-group__inner-container is-layout-flow wp-block-group-is-layout-flow\">\n<p class=\"hostinger-ai-subtitle hostinger-index-1 hostinger-ai-font-bold has-dark-color has-text-color has-link-color has-medium-font-size wp-elements-3e9cc4fdd35db83813cf50fc401a2a51\" style=\"margin-top:0;margin-bottom:var(--wp--preset--spacing--20)\">Experi\u00eancia do Usu\u00e1rio<\/p>\n\n\n\n<p class=\"hostinger-ai-workplace hostinger-index-1\" style=\"margin-top:0px;margin-bottom:0\">Drdim Tecnologia<\/p>\n\n\n\n<p class=\"hostinger-ai-date hostinger-index-1\" style=\"margin-top:0;margin-bottom:var(--wp--preset--spacing--20)\">Desde 2023<\/p>\n\n\n\n<p class=\"hostinger-ai-description hostinger-index-1\" style=\"margin-top:0px\">Inova\u00e7\u00e3o e Tecnologia<\/p>\n<\/div><\/div>\n\n\n\n<div class=\"wp-block-group hostinger-ai-fade-up\"><div class=\"wp-block-group__inner-container is-layout-flow wp-block-group-is-layout-flow\">\n<p class=\"hostinger-ai-subtitle hostinger-index-2 hostinger-ai-font-bold has-dark-color has-text-color has-link-color has-medium-font-size wp-elements-8c71eb7cbcc38086ef20dfe60b2e718c\" style=\"margin-top:0;margin-bottom:var(--wp--preset--spacing--20)\">Design Responsivo<\/p>\n\n\n\n<p class=\"hostinger-ai-workplace hostinger-index-2\" style=\"margin-top:0px;margin-bottom:0\">Solu\u00e7\u00f5es Digitais<\/p>\n\n\n\n<p class=\"hostinger-ai-date hostinger-index-2\" style=\"margin-top:0px;margin-bottom:var(--wp--preset--spacing--20)\">Desde 2023<\/p>\n\n\n\n<p class=\"hostinger-ai-description hostinger-index-2\" style=\"margin-top:0px\">Criamos interfaces modernas com microintera\u00e7\u00f5es fluidas para engajar os usu\u00e1rios.<\/p>\n<\/div><\/div>\n<\/div>\n<\/div>\n<\/div><\/div>\n<\/div><\/div>\n\n\n\n<div class=\"wp-block-group is-nowrap is-layout-flex wp-container-core-group-is-layout-ad2f72ca wp-block-group-is-layout-flex\">\n<div class=\"wp-block-group hostinger-ai-fade-up wp-container-content-69bc4bdf is-vertical is-content-justification-left is-nowrap is-layout-flex wp-container-core-group-is-layout-945c81dc wp-block-group-is-layout-flex\" style=\"padding-right:0;padding-left:0\">\n<p class=\"hostinger-ai-subtitle has-light-color has-text-color has-link-color has-medium-font-size wp-elements-8b14ce628c62c3ee286779efd1f96c1d\" style=\"margin-top:0;margin-bottom:var(--wp--preset--spacing--20)\">Avalia\u00e7\u00f5es de Clientes<\/p>\n\n\n\n<p class=\"hostinger-ai-testimonial-text hostinger-ai-font-bold hostinger-index-2 has-light-color has-text-color has-link-color wp-elements-0d0906206310d12b7c6e7fb265cffcce\" style=\"margin-top:0;margin-bottom:var(--wp--preset--spacing--50);font-size:21px\">\u201dA Drdim Tecnologia transformou nosso e-commerce com solu\u00e7\u00f5es inovadoras. A integra\u00e7\u00e3o com chatbots e automa\u00e7\u00e3o melhorou nossa efici\u00eancia e a experi\u00eancia do usu\u00e1rio.\u201d<\/p>\n<\/div>\n\n\n\n<div class=\"wp-block-group alignfull hostinger-ai-customer-reviews-2 hostinger-ai-fade-up has-color-2-background-color has-background\" style=\"padding-top:var(--wp--preset--spacing--60);padding-bottom:var(--wp--preset--spacing--60)\"><div class=\"wp-block-group__inner-container is-layout-constrained wp-block-group-is-layout-constrained\">\n<div class=\"wp-block-columns alignwide is-layout-flex wp-container-core-columns-is-layout-9d6595d7 wp-block-columns-is-layout-flex\">\n<div class=\"wp-block-column is-vertically-aligned-center is-layout-flow wp-block-column-is-layout-flow\"><\/div>\n<\/div>\n<\/div><\/div>\n<\/div>\n","protected":false},"excerpt":{"rendered":"<p>Solu\u00e7\u00f5es Digitais Na drdim tecnologia, desenvolvemos solu\u00e7\u00f5es inovadoras em e-commerce, integrando chatbots, emissor de notas fiscais, PDV e automa\u00e7\u00e3o para&#8230;<\/p>\n","protected":false},"author":1,"featured_media":0,"parent":0,"menu_order":0,"comment_status":"closed","ping_status":"closed","template":"","meta":{"_monsterinsights_skip_tracking":false,"_monsterinsights_sitenote_active":false,"_monsterinsights_sitenote_note":"","_monsterinsights_sitenote_category":0,"footnotes":""},"class_list":["post-6","page","type-page","status-publish","hentry"],"aioseo_notices":[],"_links":{"self":[{"href":"https:\/\/drdim.com.br\/en\/wp-json\/wp\/v2\/pages\/6","targetHints":{"allow":["GET"]}}],"collection":[{"href":"https:\/\/drdim.com.br\/en\/wp-json\/wp\/v2\/pages"}],"about":[{"href":"https:\/\/drdim.com.br\/en\/wp-json\/wp\/v2\/types\/page"}],"author":[{"embeddable":true,"href":"https:\/\/drdim.com.br\/en\/wp-json\/wp\/v2\/users\/1"}],"replies":[{"embeddable":true,"href":"https:\/\/drdim.com.br\/en\/wp-json\/wp\/v2\/comments?post=6"}],"version-history":[{"count":1,"href":"https:\/\/drdim.com.br\/en\/wp-json\/wp\/v2\/pages\/6\/revisions"}],"predecessor-version":[{"id":111,"href":"https:\/\/drdim.com.br\/en\/wp-json\/wp\/v2\/pages\/6\/revisions\/111"}],"wp:attachment":[{"href":"https:\/\/drdim.com.br\/en\/wp-json\/wp\/v2\/media?parent=6"}],"curies":[{"name":"wp","href":"https:\/\/api.w.org\/{rel}","templated":true}]}}