{"id":4,"date":"2025-05-30T19:30:17","date_gmt":"2025-05-30T19:30:17","guid":{"rendered":"https:\/\/lightslategray-sandpiper-950100.hostingersite.com\/inicio\/"},"modified":"2025-05-30T21:12:57","modified_gmt":"2025-05-30T21:12:57","slug":"inicio","status":"publish","type":"page","link":"https:\/\/drdim.com.br\/en\/","title":{"rendered":"In\u00edcio"},"content":{"rendered":"\n<div class=\"wp-block-group alignfull hostinger-ai-about-us-2 hostinger-ai-fade-up\"><div class=\"wp-block-group__inner-container is-layout-constrained wp-block-group-is-layout-constrained\">\n<div class=\"wp-block-group alignwide hostinger-ai-fade-up is-layout-grid wp-container-core-group-is-layout-229f90bc wp-block-group-is-layout-grid\" style=\"padding-top:var(--wp--preset--spacing--60);padding-right:0;padding-bottom:var(--wp--preset--spacing--60);padding-left:0\">\n<div class=\"wp-block-group hostinger-ai-fade-up\"><div class=\"wp-block-group__inner-container is-layout-constrained wp-block-group-is-layout-constrained\">\n<figure class=\"wp-block-image size-full has-custom-border hostinger-ai-image hostinger-index-1\"><img decoding=\"async\" src=\"https:\/\/images.unsplash.com\/photo-1586880244543-0528a802be97?q=85&amp;w=584&amp;h=438&amp;fit=crop\" alt=\"\" class=\"wp-image-18\" style=\"border-radius:20px\"\/><\/figure>\n<\/div><\/div>\n\n\n\n<div class=\"wp-block-group hostinger-ai-fade-up wp-container-content-5e2576f9 is-vertical is-content-justification-left is-nowrap is-layout-flex wp-container-core-group-is-layout-e7b1e6ee wp-block-group-is-layout-flex\" style=\"padding-right:var(--wp--preset--spacing--60);padding-left:var(--wp--preset--spacing--60)\">\n<h2 class=\"wp-block-heading hostinger-ai-title has-dark-color has-text-color has-link-color has-x-large-font-size wp-elements-ea7717ca9f8b538b6fd419f8f9c05ad2\" style=\"margin-top:0;margin-right:0;margin-bottom:0;margin-left:0;padding-bottom:var(--wp--preset--spacing--20)\">Inova\u00e7\u00e3o Digital<\/h2>\n\n\n\n<p class=\"hostinger-ai-description has-dark-color has-text-color has-link-color has-medium-font-size wp-elements-c6e6a95849b1da9f2310a8374cc88bbe\" style=\"margin-top:0;margin-bottom:var(--wp--preset--spacing--50)\">Na Dr dim tecnologia, desenvolvemos solu\u00e7\u00f5es digitais inovadoras, focadas em e-commerce integrado a chatbots e automa\u00e7\u00e3o, proporcionando experi\u00eancias \u00fanicas e eficientes.<\/p>\n\n\n\n<div class=\"wp-block-buttons is-layout-flex wp-block-buttons-is-layout-flex\">\n<div class=\"wp-block-button hostinger-ai-cta-button hostinger-index-0\"><a class=\"wp-block-button__link has-dark-color has-text-color has-link-color has-border-color has-dark-border-color has-medium-font-size has-custom-font-size wp-element-button\" style=\"padding-top:var(--wp--preset--spacing--30);padding-right:var(--wp--preset--spacing--70);padding-bottom:var(--wp--preset--spacing--30);padding-left:var(--wp--preset--spacing--70)\">Saiba Mais<\/a><\/div>\n<\/div>\n<\/div>\n<\/div>\n<\/div><\/div>\n\n\n\n<div class=\"wp-block-group alignfull hostinger-ai-our-services-2 hostinger-ai-fade-up has-color-2-background-color has-background\" style=\"margin-bottom:0;padding-top:var(--wp--preset--spacing--60);padding-bottom:var(--wp--preset--spacing--60)\"><div class=\"wp-block-group__inner-container is-layout-constrained wp-block-group-is-layout-constrained\">\n<div class=\"wp-block-group alignwide hostinger-ai-fade-up is-content-justification-left\"><div class=\"wp-block-group__inner-container is-layout-constrained wp-container-core-group-is-layout-8c890d92 wp-block-group-is-layout-constrained\">\n<h2 class=\"wp-block-heading is-style-default hostinger-ai-title has-light-color has-text-color has-link-color has-x-large-font-size wp-elements-2a26fa32c6d96999a5a861da0b5e1c35\" style=\"margin-bottom:var(--wp--preset--spacing--50)\">Solu\u00e7\u00f5es Digitais Inovadoras<\/h2>\n\n\n\n<div class=\"wp-block-group alignwide hostinger-ai-fade-up is-layout-grid wp-container-core-group-is-layout-bacfd918 wp-block-group-is-layout-grid\">\n<div class=\"wp-block-group hostinger-ai-fade-up\" style=\"padding-top:0;padding-right:var(--wp--preset--spacing--20);padding-bottom:0;padding-left:var(--wp--preset--spacing--20)\"><div class=\"wp-block-group__inner-container is-layout-constrained wp-container-core-group-is-layout-5c16083f wp-block-group-is-layout-constrained\">\n<figure class=\"wp-block-image size-full has-custom-border hostinger-ai-service-image\"><img decoding=\"async\" src=\"https:\/\/images.unsplash.com\/photo-1649424219328-a61c36cc7892?q=85&amp;w=340&amp;h=340&amp;fit=crop\" alt=\"\" class=\"wp-image-160\" style=\"border-radius:20px\"\/><\/figure>\n\n\n\n<p class=\"hostinger-ai-service-description has-light-color has-text-color has-link-color has-medium-font-size wp-elements-7c50dd96235ce6a3078c9a98b0c4f024\" style=\"margin-top:var(--wp--preset--spacing--40)\">Desenvolvemos e-commerce integrado a chatbots e automa\u00e7\u00e3o para otimizar sua experi\u00eancia digital.<\/p>\n<\/div><\/div>\n\n\n\n<div class=\"wp-block-group hostinger-ai-fade-up\" style=\"padding-right:var(--wp--preset--spacing--20);padding-left:var(--wp--preset--spacing--20)\"><div class=\"wp-block-group__inner-container is-layout-constrained wp-container-core-group-is-layout-56a9e311 wp-block-group-is-layout-constrained\">\n<figure class=\"wp-block-image size-full has-custom-border hostinger-ai-service-image hostinger-index-1\"><img decoding=\"async\" src=\"https:\/\/images.unsplash.com\/photo-1562064445-c4cf9ff375e5?q=85&amp;w=340&amp;h=340&amp;fit=crop\" alt=\"\" class=\"wp-image-160\" style=\"border-radius:20px\"\/><\/figure>\n\n\n\n<p class=\"hostinger-ai-service-description hostinger-index-1 has-light-color has-text-color has-link-color has-medium-font-size wp-elements-bd094624f35558376d8364f2a15a1832\" style=\"margin-top:var(--wp--preset--spacing--40)\">Design futurista e elegante com anima\u00e7\u00f5es que refor\u00e7am a integra\u00e7\u00e3o e modernidade.<\/p>\n<\/div><\/div>\n\n\n\n<div class=\"wp-block-group hostinger-ai-fade-up\" style=\"padding-right:var(--wp--preset--spacing--20);padding-left:var(--wp--preset--spacing--20)\"><div class=\"wp-block-group__inner-container is-layout-constrained wp-container-core-group-is-layout-56a9e311 wp-block-group-is-layout-constrained\">\n<figure class=\"wp-block-image size-full has-custom-border hostinger-ai-service-image hostinger-index-2\"><img decoding=\"async\" src=\"https:\/\/images.unsplash.com\/photo-1542744095-291d1f67b221?q=85&amp;w=340&amp;h=340&amp;fit=crop\" alt=\"\" class=\"wp-image-160\" style=\"border-radius:20px\"\/><\/figure>\n\n\n\n<p class=\"hostinger-ai-service-description hostinger-index-2 has-light-color has-text-color has-link-color has-medium-font-size wp-elements-d78c0d2b81299bc89c0c56f1699a7f03\" style=\"margin-top:var(--wp--preset--spacing--40)\">Navega\u00e7\u00e3o intuitiva e responsiva, priorizando a experi\u00eancia do usu\u00e1rio com microintera\u00e7\u00f5es fluidas.<\/p>\n<\/div><\/div>\n<\/div>\n<\/div><\/div>\n<\/div><\/div>\n\n\n\n<div class=\"wp-block-group alignfull hostinger-ai-solid-block hostinger-ai-fade-up has-color-1-background-color has-background\" style=\"padding-top:var(--wp--preset--spacing--60);padding-bottom:var(--wp--preset--spacing--60)\"><div class=\"wp-block-group__inner-container is-layout-constrained wp-block-group-is-layout-constrained\">\n<div class=\"wp-block-group alignwide hostinger-ai-fade-up is-vertical is-content-justification-center is-nowrap is-layout-flex wp-container-core-group-is-layout-2445e12c wp-block-group-is-layout-flex\" style=\"min-height:0px;padding-top:0;padding-bottom:0\">\n<div class=\"wp-block-group hostinger-ai-fade-up wp-container-content-69bc4bdf is-content-justification-center\"><div class=\"wp-block-group__inner-container is-layout-constrained wp-block-group-is-layout-constrained\">\n<h2 class=\"wp-block-heading has-text-align-center hostinger-ai-title has-dark-color has-text-color has-link-color has-x-large-font-size wp-elements-d7cd5629ad6a582c2fb2ea1be9c05f1a\" style=\"margin-top:0;margin-right:0;margin-bottom:0;margin-left:0\">Solu\u00e7\u00f5es Digitais Inovadoras<\/h2>\n\n\n\n<p class=\"has-text-align-center hostinger-ai-description has-dark-color has-text-color has-link-color has-medium-font-size wp-elements-048943d94e4fa108d79eee72127f56b7\" style=\"margin-top:var(--wp--preset--spacing--20);margin-bottom:var(--wp--preset--spacing--50)\">Desenvolvemos e-commerce integrado com chatbots e automa\u00e7\u00e3o. Experimente uma navega\u00e7\u00e3o intuitiva e design futurista para sua empresa.<\/p>\n\n\n\n<div class=\"wp-block-buttons is-content-justification-center is-layout-flex wp-container-core-buttons-is-layout-16018d1d wp-block-buttons-is-layout-flex\">\n<div class=\"wp-block-button hostinger-ai-cta-button\"><a class=\"wp-block-button__link has-dark-color has-contrast-background-color has-text-color has-background has-link-color has-border-color has-dark-border-color has-medium-font-size has-custom-font-size wp-element-button\" style=\"padding-top:var(--wp--preset--spacing--30);padding-right:var(--wp--preset--spacing--70);padding-bottom:var(--wp--preset--spacing--30);padding-left:var(--wp--preset--spacing--70)\">Come\u00e7ar<\/a><\/div>\n<\/div>\n<\/div><\/div>\n<\/div>\n<\/div><\/div>\n\n\n\n<div class=\"wp-block-group alignwide hostinger-ai-fade-up\"><div class=\"wp-block-group__inner-container is-layout-constrained wp-block-group-is-layout-constrained\">\n<div class=\"wp-block-group alignwide\"><div class=\"wp-block-group__inner-container is-layout-flow wp-block-group-is-layout-flow\">\n<h2 class=\"wp-block-heading alignfull has-text-align-left hostinger-ai-subtitle has-dark-color has-text-color has-link-color has-x-large-font-size wp-elements-763dfac0d53491f101ae73cae278a82c\" style=\"margin-bottom:var(--wp--preset--spacing--50)\">Avalia\u00e7\u00f5es de Clientes<\/h2>\n<\/div><\/div>\n\n\n\n<div class=\"wp-block-columns alignwide is-layout-flex wp-container-core-columns-is-layout-9d6595d7 wp-block-columns-is-layout-flex\">\n<div class=\"wp-block-column is-layout-flow wp-block-column-is-layout-flow\" style=\"flex-basis:33.3333333%\">\n<p class=\"hostinger-ai-testimonial-text hostinger-index-0 has-dark-color has-text-color has-link-color has-medium-font-size wp-elements-7792625b943a552ed093aa6667120d93 wp-container-content-69bc4bdf\" style=\"padding-left:var(--wp--preset--spacing--20)\">\u201dAs solu\u00e7\u00f5es da Drdim Tecnologia transformaram nosso e-commerce com automa\u00e7\u00e3o incr\u00edvel e integra\u00e7\u00e3o perfeita.\u201d<\/p>\n<\/div>\n\n\n\n<div class=\"wp-block-column is-layout-flow wp-block-column-is-layout-flow\" style=\"flex-basis:33.3333333%\">\n<p class=\"hostinger-ai-testimonial-text hostinger-index-1 has-dark-color has-text-color has-link-color has-medium-font-size wp-elements-f20ba085a8eeb489a5a6f770da672c27 wp-container-content-69bc4bdf\" style=\"padding-left:var(--wp--preset--spacing--20)\">\u201dO design futurista e a navega\u00e7\u00e3o intuitiva melhoraram muito a experi\u00eancia do usu\u00e1rio em nosso site.\u201d<\/p>\n<\/div>\n\n\n\n<div class=\"wp-block-column is-layout-flow wp-block-column-is-layout-flow\" style=\"flex-basis:33.3333333%\">\n<p class=\"hostinger-ai-testimonial-text hostinger-index-2 has-dark-color has-text-color has-link-color has-medium-font-size wp-elements-cd6ae3a195be71583129d7d14b56b77e wp-container-content-69bc4bdf\" style=\"padding-left:var(--wp--preset--spacing--20)\">\u201dEstamos impressionados com a performance e a est\u00e9tica do site, que realmente transmite modernidade e tecnologia. Recomendo a todos!\u201d<\/p>\n<\/div>\n<\/div>\n<\/div><\/div>\n","protected":false},"excerpt":{"rendered":"<p>Inova\u00e7\u00e3o Digital Na Dr dim tecnologia, desenvolvemos solu\u00e7\u00f5es digitais inovadoras, focadas em e-commerce integrado a chatbots e automa\u00e7\u00e3o, proporcionando experi\u00eancias&#8230;<\/p>\n","protected":false},"author":1,"featured_media":0,"parent":0,"menu_order":0,"comment_status":"closed","ping_status":"closed","template":"","meta":{"_monsterinsights_skip_tracking":false,"_monsterinsights_sitenote_active":false,"_monsterinsights_sitenote_note":"","_monsterinsights_sitenote_category":0,"footnotes":""},"class_list":["post-4","page","type-page","status-publish","hentry"],"aioseo_notices":[],"_links":{"self":[{"href":"https:\/\/drdim.com.br\/en\/wp-json\/wp\/v2\/pages\/4","targetHints":{"allow":["GET"]}}],"collection":[{"href":"https:\/\/drdim.com.br\/en\/wp-json\/wp\/v2\/pages"}],"about":[{"href":"https:\/\/drdim.com.br\/en\/wp-json\/wp\/v2\/types\/page"}],"author":[{"embeddable":true,"href":"https:\/\/drdim.com.br\/en\/wp-json\/wp\/v2\/users\/1"}],"replies":[{"embeddable":true,"href":"https:\/\/drdim.com.br\/en\/wp-json\/wp\/v2\/comments?post=4"}],"version-history":[{"count":1,"href":"https:\/\/drdim.com.br\/en\/wp-json\/wp\/v2\/pages\/4\/revisions"}],"predecessor-version":[{"id":14,"href":"https:\/\/drdim.com.br\/en\/wp-json\/wp\/v2\/pages\/4\/revisions\/14"}],"wp:attachment":[{"href":"https:\/\/drdim.com.br\/en\/wp-json\/wp\/v2\/media?parent=4"}],"curies":[{"name":"wp","href":"https:\/\/api.w.org\/{rel}","templated":true}]}}