{"id":184,"date":"2025-09-16T19:54:22","date_gmt":"2025-09-16T19:54:22","guid":{"rendered":"https:\/\/drdim.com.br\/?page_id=184"},"modified":"2025-09-16T20:23:21","modified_gmt":"2025-09-16T20:23:21","slug":"noticias","status":"publish","type":"page","link":"https:\/\/drdim.com.br\/en\/noticias\/","title":{"rendered":"Not\u00edcias"},"content":{"rendered":"\n<div class=\"wp-block-group\"><div class=\"wp-block-group__inner-container is-layout-constrained wp-block-group-is-layout-constrained\">\n<div class=\"wp-block-columns is-layout-flex wp-container-core-columns-is-layout-9d6595d7 wp-block-columns-is-layout-flex\">\n<div class=\"wp-block-column is-layout-flow wp-block-column-is-layout-flow\" style=\"flex-basis:100%\">\n<div class=\"wp-block-group\"><div class=\"wp-block-group__inner-container is-layout-constrained wp-block-group-is-layout-constrained\"><\/div><\/div>\n<\/div>\n<\/div>\n<\/div><\/div>\n\n\n\n<div class=\"wp-block-query is-layout-flow wp-block-query-is-layout-flow\"><ul class=\"wp-block-post-template is-layout-flow wp-block-post-template-is-layout-flow\"><li class=\"wp-block-post post-219 post type-post status-publish format-standard hentry category-uncategorized\">\n\n<div class=\"wp-block-columns are-vertically-aligned-center is-layout-flex wp-container-core-columns-is-layout-9d6595d7 wp-block-columns-is-layout-flex\">\n<div class=\"wp-block-column is-vertically-aligned-center is-layout-flow wp-block-column-is-layout-flow\" style=\"flex-basis:25%\"><\/div>\n\n\n\n<div class=\"wp-block-column is-vertically-aligned-center is-layout-flow wp-block-column-is-layout-flow\" style=\"flex-basis:75%\"><h2 class=\"wp-block-post-title\"><a href=\"https:\/\/drdim.com.br\/en\/reforma-tributaria-no-brasil-o-guia-completo-para-entender-as-mudancas-e-manter-sua-empresa-em-dia-com-a-dr-dim-tecnologia\/\" target=\"_self\" >Reforma Tribut\u00e1ria no Brasil: O Guia Completo para Entender as Mudan\u00e7as e Manter sua Empresa em Dia com a Dr. Dim Tecnologia<\/a><\/h2><\/div>\n<\/div>\n\n<\/li><li class=\"wp-block-post post-187 post type-post status-publish format-standard has-post-thumbnail hentry category-uncategorized\">\n\n<div class=\"wp-block-columns are-vertically-aligned-center is-layout-flex wp-container-core-columns-is-layout-9d6595d7 wp-block-columns-is-layout-flex\">\n<div class=\"wp-block-column is-vertically-aligned-center is-layout-flow wp-block-column-is-layout-flow\" style=\"flex-basis:25%\"><figure class=\"wp-block-post-featured-image\"><a href=\"https:\/\/drdim.com.br\/en\/a-era-da-sonegacao-chega-ao-fim-reforma-tributaria-promete-mudar-o-jogo-da-fiscalizacao-no-brasil\/\" target=\"_self\"  ><img loading=\"lazy\" decoding=\"async\" width=\"846\" height=\"846\" src=\"https:\/\/drdim.com.br\/wp-content\/uploads\/2025\/09\/image-1-edited.png\" class=\"attachment-post-thumbnail size-post-thumbnail wp-post-image\" alt=\"A Era da Sonega\u00e7\u00e3o Chega ao Fim? Reforma Tribut\u00e1ria Promete Mudar o Jogo da Fiscaliza\u00e7\u00e3o no Brasil\" style=\"object-fit:cover;\" srcset=\"https:\/\/drdim.com.br\/wp-content\/uploads\/2025\/09\/image-1-edited.png 846w, https:\/\/drdim.com.br\/wp-content\/uploads\/2025\/09\/image-1-edited-300x300.png 300w, https:\/\/drdim.com.br\/wp-content\/uploads\/2025\/09\/image-1-edited-150x150.png 150w, https:\/\/drdim.com.br\/wp-content\/uploads\/2025\/09\/image-1-edited-768x768.png 768w\" sizes=\"auto, (max-width: 846px) 100vw, 846px\" \/><\/a><\/figure><\/div>\n\n\n\n<div class=\"wp-block-column is-vertically-aligned-center is-layout-flow wp-block-column-is-layout-flow\" style=\"flex-basis:75%\"><h2 class=\"wp-block-post-title\"><a href=\"https:\/\/drdim.com.br\/en\/a-era-da-sonegacao-chega-ao-fim-reforma-tributaria-promete-mudar-o-jogo-da-fiscalizacao-no-brasil\/\" target=\"_self\" >A Era da Sonega\u00e7\u00e3o Chega ao Fim? Reforma Tribut\u00e1ria Promete Mudar o Jogo da Fiscaliza\u00e7\u00e3o no Brasil<\/a><\/h2><\/div>\n<\/div>\n\n<\/li><li class=\"wp-block-post post-144 post type-post status-publish format-standard has-post-thumbnail hentry category-uncategorized\">\n\n<div class=\"wp-block-columns are-vertically-aligned-center is-layout-flex wp-container-core-columns-is-layout-9d6595d7 wp-block-columns-is-layout-flex\">\n<div class=\"wp-block-column is-vertically-aligned-center is-layout-flow wp-block-column-is-layout-flow\" style=\"flex-basis:25%\"><figure class=\"wp-block-post-featured-image\"><a href=\"https:\/\/drdim.com.br\/en\/multas-por-vender-sem-nota-fiscal-como-a-fiscalizacao-eletronica-pode-pegar-seu-negocio-sem-visita-presencial\/\" target=\"_self\"  ><img loading=\"lazy\" decoding=\"async\" width=\"1024\" height=\"1280\" src=\"https:\/\/drdim.com.br\/wp-content\/uploads\/2025\/08\/imagempost.jpg\" class=\"attachment-post-thumbnail size-post-thumbnail wp-post-image\" alt=\"&#8220;Multas Altas por Vender Sem Nota Fiscal \u2014 Mesmo Sem Fiscal na Sua Porta&#8221;\" style=\"object-fit:cover;\" srcset=\"https:\/\/drdim.com.br\/wp-content\/uploads\/2025\/08\/imagempost.jpg 1024w, https:\/\/drdim.com.br\/wp-content\/uploads\/2025\/08\/imagempost-240x300.jpg 240w, https:\/\/drdim.com.br\/wp-content\/uploads\/2025\/08\/imagempost-819x1024.jpg 819w, https:\/\/drdim.com.br\/wp-content\/uploads\/2025\/08\/imagempost-768x960.jpg 768w\" sizes=\"auto, (max-width: 1024px) 100vw, 1024px\" \/><\/a><\/figure><\/div>\n\n\n\n<div class=\"wp-block-column is-vertically-aligned-center is-layout-flow wp-block-column-is-layout-flow\" style=\"flex-basis:75%\"><h2 class=\"wp-block-post-title\"><a href=\"https:\/\/drdim.com.br\/en\/multas-por-vender-sem-nota-fiscal-como-a-fiscalizacao-eletronica-pode-pegar-seu-negocio-sem-visita-presencial\/\" target=\"_self\" >&#8220;Multas Altas por Vender Sem Nota Fiscal \u2014 Mesmo Sem Fiscal na Sua Porta&#8221;<\/a><\/h2><\/div>\n<\/div>\n\n<\/li><\/ul><\/div>\n\n\n\n<p><\/p>\n","protected":false},"excerpt":{"rendered":"","protected":false},"author":1,"featured_media":0,"parent":0,"menu_order":0,"comment_status":"closed","ping_status":"closed","template":"","meta":{"_monsterinsights_skip_tracking":false,"_monsterinsights_sitenote_active":false,"_monsterinsights_sitenote_note":"","_monsterinsights_sitenote_category":0,"footnotes":""},"class_list":["post-184","page","type-page","status-publish","hentry"],"aioseo_notices":[],"_links":{"self":[{"href":"https:\/\/drdim.com.br\/en\/wp-json\/wp\/v2\/pages\/184","targetHints":{"allow":["GET"]}}],"collection":[{"href":"https:\/\/drdim.com.br\/en\/wp-json\/wp\/v2\/pages"}],"about":[{"href":"https:\/\/drdim.com.br\/en\/wp-json\/wp\/v2\/types\/page"}],"author":[{"embeddable":true,"href":"https:\/\/drdim.com.br\/en\/wp-json\/wp\/v2\/users\/1"}],"replies":[{"embeddable":true,"href":"https:\/\/drdim.com.br\/en\/wp-json\/wp\/v2\/comments?post=184"}],"version-history":[{"count":4,"href":"https:\/\/drdim.com.br\/en\/wp-json\/wp\/v2\/pages\/184\/revisions"}],"predecessor-version":[{"id":200,"href":"https:\/\/drdim.com.br\/en\/wp-json\/wp\/v2\/pages\/184\/revisions\/200"}],"wp:attachment":[{"href":"https:\/\/drdim.com.br\/en\/wp-json\/wp\/v2\/media?parent=184"}],"curies":[{"name":"wp","href":"https:\/\/api.w.org\/{rel}","templated":true}]}}